{"id":11570,"date":"2024-02-16T08:38:33","date_gmt":"2024-02-16T05:38:33","guid":{"rendered":"https:\/\/evik.gr\/product\/shackle-2\/"},"modified":"2025-10-07T23:59:48","modified_gmt":"2025-10-07T20:59:48","slug":"shackle-2","status":"publish","type":"product","link":"https:\/\/evik.gr\/en\/product\/shackle-2\/","title":{"rendered":"AKAT135 shackle M6"},"content":{"rendered":"<p>AKAT135<\/p>\n<p>Starting spinner with shackle facilitating the tying of cables and cable grips.<\/p>\n<p>Shackle offers easy and quick penetration.<\/p>\n<p>Suitable for fiberglass duct rodders \u00d86mm and polyester fish tapes \u00d86 &amp; \u00d87mm.<\/p>\n<hr \/>\n<h4>NOTES:<\/h4>\n<ul>\n<li>Apply some common glue at the thread for maximum safety during usage.\u00a0<\/li>\n<\/ul>\n","protected":false},"excerpt":{"rendered":"<p>AKAT135 Starting spinner with shackle facilitating the tying of cables and cable grips. Shackle offers easy and quick penetration. Suitable<\/p>\n","protected":false},"featured_media":11571,"comment_status":"closed","ping_status":"closed","template":"","meta":[],"product_brand":[],"product_cat":[527,529],"product_tag":[],"class_list":{"0":"post-11570","1":"product","2":"type-product","3":"status-publish","4":"has-post-thumbnail","6":"product_cat-accessories","7":"product_cat-for-fiberglass","8":"pa_diameter-thickness-19mm","10":"first","11":"instock","12":"product-type-simple"},"_links":{"self":[{"href":"https:\/\/evik.gr\/en\/wp-json\/wp\/v2\/product\/11570","targetHints":{"allow":["GET"]}}],"collection":[{"href":"https:\/\/evik.gr\/en\/wp-json\/wp\/v2\/product"}],"about":[{"href":"https:\/\/evik.gr\/en\/wp-json\/wp\/v2\/types\/product"}],"replies":[{"embeddable":true,"href":"https:\/\/evik.gr\/en\/wp-json\/wp\/v2\/comments?post=11570"}],"wp:featuredmedia":[{"embeddable":true,"href":"https:\/\/evik.gr\/en\/wp-json\/wp\/v2\/media\/11571"}],"wp:attachment":[{"href":"https:\/\/evik.gr\/en\/wp-json\/wp\/v2\/media?parent=11570"}],"wp:term":[{"taxonomy":"product_brand","embeddable":true,"href":"https:\/\/evik.gr\/en\/wp-json\/wp\/v2\/product_brand?post=11570"},{"taxonomy":"product_cat","embeddable":true,"href":"https:\/\/evik.gr\/en\/wp-json\/wp\/v2\/product_cat?post=11570"},{"taxonomy":"product_tag","embeddable":true,"href":"https:\/\/evik.gr\/en\/wp-json\/wp\/v2\/product_tag?post=11570"}],"curies":[{"name":"wp","href":"https:\/\/api.w.org\/{rel}","templated":true}]}}